{"id":8253,"date":"2025-09-18T11:38:46","date_gmt":"2025-09-18T11:38:46","guid":{"rendered":"https:\/\/regalados.com.ar\/shop\/?post_type=product&#038;p=8253"},"modified":"2026-03-16T00:30:03","modified_gmt":"2026-03-16T00:30:03","slug":"premium-krof-gato-adulto-3-kg","status":"publish","type":"product","link":"https:\/\/regalados.com.ar\/shop\/product\/premium-krof-gato-adulto-3-kg\/","title":{"rendered":"Premium Krof Gato Adulto 3 kg"},"content":{"rendered":"<p>PREMIUM KROF CAT 3 kg (GATO ADULTO)<\/p>\n<p>Alimento balanceado indicado para la alimentaci\u00f3n de gatos adultos sanos.<br \/>\nPREMIUM KROF ADULT CAT es un alimento creado para satisfacer una nutrici\u00f3n completa y balanceada de los gatos adultos.<\/p>\n<p>\u2014 PREVENCION DE ENFERMEDADES URINARIAS<\/p>\n<p>\u2014 PROTECCION DE LA RETINA<\/p>\n<p>\u2014 PIEL Y PELAJE SUAVE Y BRILLOSO<\/p>\n<p>\u2014 MAYOR ACEPTACION Y PALATABILIDAD<\/p>\n<p>\u2014 SALUD E INMUNIDAD INSTESTINAL<\/p>\n<p>\u2014 SALUD DE LOS HUESOS Y LOS DIENTES<\/p>\n<p>\u2014 REDUCCION DE OLORES EN LAS HECES<\/p>\n<p>Contiene una base altamente digestible de nutrientes, siendo la fuente necesaria de micronutrientes esenciales para un \u00f3ptimo desempe\u00f1o de las funciones vitales de su gato, proporcion\u00e1ndole una excelente alimentaci\u00f3n y salud.<\/p>\n<p>30% prote\u00ednas<br \/>\n3700 kcal\/kg MS<\/p>\n<p>Ingredientes:<br \/>\nHarina de Carne de pollo, Ma\u00edz, Arroz, Gluten de maiz, Aceite de pollo, Sebo Bovino, Harina de carne bovina, Pellet de soja, Pulpa de remolacha, Hidrolizado de pollo, Semilla de lino, Carbonato de calcio, Lisina, Cloruro de potasio, Cloruro de sodio, Cloruro de colina, Bisulfato de sodio, Carbonato de calcio, Oligosac\u00e1ridos Mananos: Saccharomyces cerevisae, Vitaminas (A, D3, E, K3, B1, B2, B5, B6, B12, Niacina, \u00c1cido F\u00f3lico, Biotina), Minerales (Sulfato de cobre, \u00d3xido de zinc, \u00d3xido manganoso, Yodato de calcio, Sulfato ferroso, Selenito de sodio, Bicarbonato de sodio, Carbonato de calcio, Fosfato dic\u00e1lcico, Proteinato de zinc, Proteinato de Cobre), Propionato de calcio, Metionina, Extracto de Yucca schidigera, BHA-BHT, Taurina.<\/p>\n<p>PRESENTACION: Bolsa x 3 kg.<\/p>\n","protected":false},"excerpt":{"rendered":"<p>PREMIUM KROF CAT 3 kg (GATO ADULTO) Alimento balanceado indicado para la alimentaci\u00f3n de gatos adultos sanos. PREMIUM KROF ADULT CAT es un alimento creado para satisfacer una nutrici\u00f3n completa y balanceada de los gatos adultos. \u2014 PREVENCION DE ENFERMEDADES URINARIAS \u2014 PROTECCION DE LA RETINA \u2014 PIEL Y PELAJE SUAVE Y BRILLOSO \u2014 MAYOR [&hellip;]<\/p>\n","protected":false},"featured_media":8215,"comment_status":"open","ping_status":"closed","template":"","meta":{"_joinchat":[]},"product_brand":[249],"product_cat":[15],"product_tag":[],"class_list":{"0":"post-8253","1":"product","2":"type-product","3":"status-publish","4":"has-post-thumbnail","6":"product_brand-krof","7":"product_cat-uncategorized","9":"first","10":"outofstock","11":"taxable","12":"shipping-taxable","13":"purchasable","14":"product-type-simple"},"_links":{"self":[{"href":"https:\/\/regalados.com.ar\/shop\/wp-json\/wp\/v2\/product\/8253","targetHints":{"allow":["GET"]}}],"collection":[{"href":"https:\/\/regalados.com.ar\/shop\/wp-json\/wp\/v2\/product"}],"about":[{"href":"https:\/\/regalados.com.ar\/shop\/wp-json\/wp\/v2\/types\/product"}],"replies":[{"embeddable":true,"href":"https:\/\/regalados.com.ar\/shop\/wp-json\/wp\/v2\/comments?post=8253"}],"wp:featuredmedia":[{"embeddable":true,"href":"https:\/\/regalados.com.ar\/shop\/wp-json\/wp\/v2\/media\/8215"}],"wp:attachment":[{"href":"https:\/\/regalados.com.ar\/shop\/wp-json\/wp\/v2\/media?parent=8253"}],"wp:term":[{"taxonomy":"product_brand","embeddable":true,"href":"https:\/\/regalados.com.ar\/shop\/wp-json\/wp\/v2\/product_brand?post=8253"},{"taxonomy":"product_cat","embeddable":true,"href":"https:\/\/regalados.com.ar\/shop\/wp-json\/wp\/v2\/product_cat?post=8253"},{"taxonomy":"product_tag","embeddable":true,"href":"https:\/\/regalados.com.ar\/shop\/wp-json\/wp\/v2\/product_tag?post=8253"}],"curies":[{"name":"wp","href":"https:\/\/api.w.org\/{rel}","templated":true}]}}